{"id":138,"date":"2016-06-29T14:00:01","date_gmt":"2016-06-29T12:00:01","guid":{"rendered":"http:\/\/koha.se\/?page_id=138"},"modified":"2025-11-06T11:57:58","modified_gmt":"2025-11-06T09:57:58","slug":"moten","status":"publish","type":"page","link":"https:\/\/koha.se\/en\/moten\/","title":{"rendered":"Meetings and Appearances"},"content":{"rendered":"<p><strong>Upcoming:<\/strong><\/p>\n<ul>\n<li>20 November 2025 Swedish Koha Public libraries meet in Sk\u00f6vde<\/li>\n<li>19 September, 24 October, 28 November 2025 Digital meetings in the Swedish Koha User Group (<a href=\"https:\/\/koha.se\/koha-i-sverige\/inbjudan-till-svenska-kohanatverkets-digitala-moten-under-hosten-2025\/\">program<\/a>)<\/li>\n<\/ul>\n<p><strong>Past:<\/strong><\/p>\n<ul>\n<li>31 January, 28 February, 23 May 2025 Digital meetings in the Swedish Koha User Group\u00a0 (<a href=\"https:\/\/koha.se\/koha-i-sverige\/inbjudan-till-svenska-kohanatverkets-digitala-moten-under-varen-2025\/\">program<\/a>)<\/li>\n<li>1-3 April 2025 Swedish Koha User Group meeting in Gothenburg<\/li>\n<li>20 September, 25 October, 29 November 2024 Digital meetings in the Swedish Koha User Group\u00a0(<a href=\"https:\/\/koha.se\/koha-i-sverige\/inbjudan-till-svenska-kohanatverkets-digitala-moten-under-hosten-2024\/\">program<\/a>)<\/li>\n<li>8 October 2024 Swedish Koha Public libraries meet in Sk\u00f6vde<\/li>\n<li>26 September 2024 Presentation at KohaFerence Espa\u00f1a, Vitoria-Gasteiz<\/li>\n<li>26 January, 23 February, 22 March, 31 May 2024 Digital meetings in the Swedish Koha User Group (<a href=\"https:\/\/koha.se\/koha-i-sverige\/inbjudan-till-svenska-kohanatverkets-digitala-moten-under-varen-2024\/\">program<\/a>)<\/li>\n<li>23-25 April 2024 Swedish Koha User Group meeting at the Norrbotten Library Consortia (Lule\u00a8\u00e5)<\/li>\n<li>22 September, 27 October, 24 November, 15 December 2023 Digital meetings in the Swedish Koha User Group<\/li>\n<li>27 January, 24 February, 28 April, 26 May 2023 Digital meetings in the Swedish Koha User Group<\/li>\n<li>28 March to 30 March 2023 Swedish Koha User Group meeting at the V\u00e4stmanland Library Consortia (V\u00e4ster\u00e5s)<\/li>\n<li>30 September, 28 October, 25 November, 16 December 2022 Digital meetings in the Swedish Koha User Group <a href=\"https:\/\/koha.se\/koha-i-sverige\/inbjudan-till-svenska-kohanatverkets-digitala-moten-under-hosten-2022\/\">(program<\/a>)<\/li>\n<li>28 January, 25 February, 29 April, 20 May 2022 Digital meetings in the Swedish Koha User Group (<a href=\"https:\/\/koha.se\/koha-i-sverige\/save-the-date-varens-digitala-och-fysiska-moten-2022\/\">program<\/a>)<\/li>\n<li>17 May 2022 digital presentation at KohaLa symposium, Orleans, France<\/li>\n<li>29 March to 31 March 2022 Swedish Koha User Group meeting at Blekinge Institute of Technology (Karlskrona)<\/li>\n<li>1 October, 29 October, 26 November, 17 December 2021 Digital meetings in the Swedish Koha User Group (<a href=\"https:\/\/koha.se\/koha-i-sverige\/inbjudan-till-svenska-kohanatverkets-digitala-moten-under-hosten-2021\/\">program<\/a>)<\/li>\n<li>26 februari, 26 mars, 23 april, 28 maj 2021 Digitala v\u00e5rm\u00f6ten i Svenska Kohan\u00e4tverket (<a href=\"https:\/\/koha.se\/koha-i-sverige\/inbjudan-till-svenska-kohanatverkets-digitala-moten-under-varen-2021\/\">program<\/a>)<\/li>\n<li>2 October, 23 October, 27 November, 18 December 2020 Digital meetings in the Swedish Koha User Group (<a href=\"https:\/\/koha.se\/koha-i-sverige\/inbjudan-till-svenska-kohanatverkets-digitala-moten-under-hosten-2020\/\">program<\/a>)<\/li>\n<li>24 April 2020 Presentation about the Web Accessability Directive by \u00d6rjan Hellstr\u00f6m, F\u00f6rvaltningen f\u00f6r kulturutveckling &#8211; V\u00e4stra G\u00f6taland [<a href=\"https:\/\/koha.se\/wp-content\/uploads\/2020\/04\/webbtillganglighet-24-april.pdf\">Presentation<\/a>].<\/li>\n<li>27 March 2020 Presentation User Account Management in Koha and Flashbox with Koha-API by Oscar Celsing [<a href=\"https:\/\/koha.se\/wp-content\/uploads\/2020\/03\/2019-03-27-Oscar-Celsing-Koha-och-BTH.pdf\">Presentation<\/a>].<\/li>\n<li>9 March 2020 Panel discussion on Open Source Library Systems in Sweden vid Chalmers bibliotek.<\/li>\n<li>22 January 2020 Swedish Koha Public libraries meet in Gothenburg<\/li>\n<li>15-17 October 2019 Swedish Koha User Group meeting at Lund University Library.<\/li>\n<li>1 October 2019 Experiences of Koha in Finland and Sweden, Haparanda City Hall<\/li>\n<li>26-28 March 2019 Swedish Koha User Group meeting at Mellansj\u00f6 Library (Sk\u00f6vde).<\/li>\n<li>27 March 2019 Open afternoon about open source at<span style=\"font-weight: 400;\">\u00a0Sk\u00f6vde Kulturhus.<\/span><\/li>\n<li>17-19 October 2018 Swedish Koha User Group meeting and Hack Day at Lule\u00e5 University Library.<\/li>\n<li>9 October 2018 Presentation at Pontificia Universit\u00e0 della Santa Croce in Rome.<\/li>\n<li>10-12 September 2018 Presentations at KohaCon18 in Portland, Oregon. [<a href=\"https:\/\/www.facebook.com\/ByWaterSolutions\/videos\/340779476660645\/\">Presentation 1<\/a>]. [<a href=\"https:\/\/www.facebook.com\/ByWaterSolutions\/videos\/700387823652050\/\">Presentation 2<\/a>].<\/li>\n<li>25-26 June 2018 &#8220;Symposium Koha 2018&#8221; Presentation of\u00a0 the Swedish Koha User Group at\u00a0Biblioth\u00e8que universitaire de Paris 8, \u00e0 Saint-Denis<\/li>\n<li>21-22 March 2018 Swedish Koha User Group meeting at Alings\u00e5s bibliotek.<\/li>\n<li>30 January 2018 Swedish Koha Public libraries meet in Alings\u00e5s<\/li>\n<li>29 November 2017 Swedish Koha Hack Day at Lund University Library<\/li>\n<li>4-5 October\u00a02017 Swedish Koha User Group meeting at Kristianstad University Library.<\/li>\n<li>27-28 March 2017 Swedish Koha User Group meeting at G\u00f6teborg University Library<\/li>\n<li>23 January 2017 &#8220;Open Source Systems in the Public Sector Symposium&#8221; at Swedish Museum of Natural History\/Bioinformatics and Genetics<\/li>\n<li>29 November 2016 Presentation and demonstration of Koha to Ume\u00e5 University Library<\/li>\n<li>18 October 2016 &#8220;Mot bibliotek 3.0 och tillbaka till friheten&#8221; at The\u00a0Swedish School of Library and Information Science in\u00a0Bor\u00e5s<\/li>\n<li>11 October 2016 Koha panel session at the National LIBRIS meeting [<a href=\"http:\/\/koha.se\/wp-content\/uploads\/2016\/06\/2016-11-oktober-LIBRIS-inspirationsdag-Koha-HotSpot.pdf\" target=\"_blank\" rel=\"noopener noreferrer\">PDF<\/a>]<\/li>\n<li>4 October\u00a02016 Swedish Koha User Group meeting at G\u00e4vle\u00a0University Library<\/li>\n<li>17 February 2016 Swedish Koha User Group meeting at\u00a0Stockholm University Library<\/li>\n<\/ul>\n<p><strong>Conference and Meeting Code of Conduct<\/strong><\/p>\n<p>All attendees, speakers, sponsors and volunteers at our conference are required to agree with the following code of conduct. Organisers will enforce this code throughout the event. We expect cooperation from all participants to help ensure a safe environment for everybody.<\/p>\n<p>Need Help?<\/p>\n<p>You have our contact details in the emails we&#8217;ve sent.<\/p>\n<p>The Quick Version<\/p>\n<p>Our conference is dedicated to providing a harassment-free conference experience for everyone, regardless of gender, gender identity and expression, age, sexual orientation, disability, physical appearance, body size, race, ethnicity, religion (or lack thereof), or technology choices. We do not tolerate harassment of conference participants in any form. Sexual language and imagery is not appropriate for any conference venue, including talks, workshops, parties, Twitter and other online media. Conference participants violating these rules may be sanctioned or expelled from the conference without a refund at the discretion of the conference organisers.<\/p>\n<p>The Less Quick Version<\/p>\n<p>Harassment includes offensive verbal comments related to gender, gender identity and expression, age, sexual orientation, disability, physical appearance, body size, race, ethnicity, religion, technology choices, sexual images in public spaces, deliberate intimidation, stalking, following, harassing photography or recording, sustained disruption of talks or other events, inappropriate physical contact, and unwelcome sexual attention.<\/p>\n<p>Participants asked to stop any harassing behavior are expected to comply immediately.<\/p>\n<p>Sponsors are also subject to the anti-harassment policy. In particular, sponsors should not use sexualised images, activities, or other material. Booth staff (including volunteers) should not use sexualised clothing\/uniforms\/costumes, or otherwise create a sexualised environment.<\/p>\n<p>If a participant engages in harassing behavior, the conference organisers may take any action they deem appropriate, including warning the offender or expulsion from the conference with no refund.<\/p>\n<p>If you are being harassed, notice that someone else is being harassed, or have any other concerns, please contact a member of conference staff immediately.<\/p>\n<p>Conference staff will be happy to help participants contact hotel\/venue security or local law enforcement, provide escorts, or otherwise assist those experiencing harassment to feel safe for the duration of the conference. We value your attendance.<\/p>\n<p>We expect participants to follow these rules at conference and workshop venues and conference-related social events.<\/p>\n<p>(adapted from\u00a0http:\/\/confcodeofconduct.com\/index.html)<\/p>","protected":false},"excerpt":{"rendered":"<p>Upcoming: 20 November 2025 Swedish Koha Public libraries meet in Sk\u00f6vde 19 September, 24 October, 28 November 2025 Digital meetings in the Swedish Koha User Group (program) Past: 31 January, 28 February, 23 May 2025 Digital meetings in the Swedish Koha User Group\u00a0 (program) 1-3 April 2025 Swedish Koha User Group meeting in Gothenburg 20 &hellip; <a href=\"https:\/\/koha.se\/en\/moten\/\" class=\"more-link\">Continue reading <span class=\"screen-reader-text\">Meetings and Appearances<\/span><\/a><\/p>\n","protected":false},"author":1,"featured_media":0,"parent":0,"menu_order":0,"comment_status":"closed","ping_status":"closed","template":"","meta":{"footnotes":""},"class_list":["post-138","page","type-page","status-publish","hentry"],"_links":{"self":[{"href":"https:\/\/koha.se\/en\/wp-json\/wp\/v2\/pages\/138","targetHints":{"allow":["GET"]}}],"collection":[{"href":"https:\/\/koha.se\/en\/wp-json\/wp\/v2\/pages"}],"about":[{"href":"https:\/\/koha.se\/en\/wp-json\/wp\/v2\/types\/page"}],"author":[{"embeddable":true,"href":"https:\/\/koha.se\/en\/wp-json\/wp\/v2\/users\/1"}],"replies":[{"embeddable":true,"href":"https:\/\/koha.se\/en\/wp-json\/wp\/v2\/comments?post=138"}],"version-history":[{"count":123,"href":"https:\/\/koha.se\/en\/wp-json\/wp\/v2\/pages\/138\/revisions"}],"predecessor-version":[{"id":15050,"href":"https:\/\/koha.se\/en\/wp-json\/wp\/v2\/pages\/138\/revisions\/15050"}],"wp:attachment":[{"href":"https:\/\/koha.se\/en\/wp-json\/wp\/v2\/media?parent=138"}],"curies":[{"name":"wp","href":"https:\/\/api.w.org\/{rel}","templated":true}]}}