{"id":14712,"date":"2024-04-26T14:12:45","date_gmt":"2024-04-26T12:12:45","guid":{"rendered":"https:\/\/koha.se\/?page_id=14712"},"modified":"2024-04-26T14:32:01","modified_gmt":"2024-04-26T12:32:01","slug":"automatisk-gallring-i-libris","status":"publish","type":"page","link":"https:\/\/koha.se\/en\/automatisk-gallring-i-libris\/","title":{"rendered":"Plugin: Automatic weeding in Libris"},"content":{"rendered":"<p>Since the fall of 2023, there is a plugin available that automatically deletes Libris holdings when one deletes the copy records in Koha. <\/p>\n<p>Plugin: <a href=\"https:\/\/github.com\/Kreablo\/koha-plugin-libris-delete-holding\">https:\/\/github.com\/Kreablo\/koha-plugin-libris-delete-holding<\/a> <\/p>\n<p>The development has been funded by Alings\u00e5s Library, Bibliotek Mellansj\u00f6, Bibliotek i V\u00e4stmanland, and Katrineholm Library.<\/p>\n<p>Image: CC 2.0 Cari McGee <a href=\"http:\/\/www.carimcgee.com\">www.carimcgee.com<\/a><\/p>","protected":false},"excerpt":{"rendered":"<p>Since the fall of 2023, there is a plugin available that automatically deletes Libris holdings when one deletes the copy records in Koha. Plugin: https:\/\/github.com\/Kreablo\/koha-plugin-libris-delete-holding The development has been funded by Alings\u00e5s Library, Bibliotek Mellansj\u00f6, Bibliotek i V\u00e4stmanland, and Katrineholm Library. Image: CC 2.0 Cari McGee www.carimcgee.com<\/p>\n","protected":false},"author":8,"featured_media":14713,"parent":0,"menu_order":0,"comment_status":"closed","ping_status":"closed","template":"","meta":{"footnotes":""},"class_list":["post-14712","page","type-page","status-publish","has-post-thumbnail","hentry"],"_links":{"self":[{"href":"https:\/\/koha.se\/en\/wp-json\/wp\/v2\/pages\/14712","targetHints":{"allow":["GET"]}}],"collection":[{"href":"https:\/\/koha.se\/en\/wp-json\/wp\/v2\/pages"}],"about":[{"href":"https:\/\/koha.se\/en\/wp-json\/wp\/v2\/types\/page"}],"author":[{"embeddable":true,"href":"https:\/\/koha.se\/en\/wp-json\/wp\/v2\/users\/8"}],"replies":[{"embeddable":true,"href":"https:\/\/koha.se\/en\/wp-json\/wp\/v2\/comments?post=14712"}],"version-history":[{"count":4,"href":"https:\/\/koha.se\/en\/wp-json\/wp\/v2\/pages\/14712\/revisions"}],"predecessor-version":[{"id":14717,"href":"https:\/\/koha.se\/en\/wp-json\/wp\/v2\/pages\/14712\/revisions\/14717"}],"wp:featuredmedia":[{"embeddable":true,"href":"https:\/\/koha.se\/en\/wp-json\/wp\/v2\/media\/14713"}],"wp:attachment":[{"href":"https:\/\/koha.se\/en\/wp-json\/wp\/v2\/media?parent=14712"}],"curies":[{"name":"wp","href":"https:\/\/api.w.org\/{rel}","templated":true}]}}