{"id":458,"date":"2017-11-24T09:50:20","date_gmt":"2017-11-24T08:50:20","guid":{"rendered":"http:\/\/koha.se\/?page_id=458"},"modified":"2020-02-10T16:09:13","modified_gmt":"2020-02-10T15:09:13","slug":"projekt-kompetensutveckling-kring-koha","status":"publish","type":"page","link":"https:\/\/koha.se\/en\/projekt-kompetensutveckling-kring-koha\/","title":{"rendered":"Project: Developing Swedish Koha competence and networking"},"content":{"rendered":"<p>During the period November 1, 2017 &#8211; June 30, 2019, the project to develop and diffuse Koha competence and to promote Koha networking was conducted with funding from the Swedish National Library.<\/p>\n<p>Project owner: Alings\u00e5s kommun for the Swedish Koha User Group<br \/>\nProject coordinator:\u00a0 \u00d6rjan Hellstr\u00f6m, Kultur i V\u00e4st, orjan.hellstrom@vgregion.se, +46 70 363 20 32<\/p>\n<p>The project included a number of activities regarding Koha training, knowledge diffusion and networking with the aim that the structures that were built up could survive after the end of the project.<\/p>\n<p>A more detailed description can be found in the <a href=\"https:\/\/koha.se\/wiki\/images\/9\/9e\/Projektrapport-Koha.pdf\">project report (in swedish)<\/a>.<\/p>","protected":false},"excerpt":{"rendered":"<p>During the period November 1, 2017 &#8211; June 30, 2019, the project to develop and diffuse Koha competence and to promote Koha networking was conducted with funding from the Swedish National Library. Project owner: Alings\u00e5s kommun for the Swedish Koha User Group Project coordinator:\u00a0 \u00d6rjan Hellstr\u00f6m, Kultur i V\u00e4st, orjan.hellstrom@vgregion.se, +46 70 363 20 32 &hellip; <a href=\"https:\/\/koha.se\/en\/projekt-kompetensutveckling-kring-koha\/\" class=\"more-link\">Continue reading <span class=\"screen-reader-text\">Project: Developing Swedish Koha competence and networking<\/span><\/a><\/p>\n","protected":false},"author":1,"featured_media":246,"parent":0,"menu_order":0,"comment_status":"closed","ping_status":"closed","template":"","meta":{"footnotes":""},"class_list":["post-458","page","type-page","status-publish","has-post-thumbnail","hentry"],"_links":{"self":[{"href":"https:\/\/koha.se\/en\/wp-json\/wp\/v2\/pages\/458","targetHints":{"allow":["GET"]}}],"collection":[{"href":"https:\/\/koha.se\/en\/wp-json\/wp\/v2\/pages"}],"about":[{"href":"https:\/\/koha.se\/en\/wp-json\/wp\/v2\/types\/page"}],"author":[{"embeddable":true,"href":"https:\/\/koha.se\/en\/wp-json\/wp\/v2\/users\/1"}],"replies":[{"embeddable":true,"href":"https:\/\/koha.se\/en\/wp-json\/wp\/v2\/comments?post=458"}],"version-history":[{"count":28,"href":"https:\/\/koha.se\/en\/wp-json\/wp\/v2\/pages\/458\/revisions"}],"predecessor-version":[{"id":10645,"href":"https:\/\/koha.se\/en\/wp-json\/wp\/v2\/pages\/458\/revisions\/10645"}],"wp:featuredmedia":[{"embeddable":true,"href":"https:\/\/koha.se\/en\/wp-json\/wp\/v2\/media\/246"}],"wp:attachment":[{"href":"https:\/\/koha.se\/en\/wp-json\/wp\/v2\/media?parent=458"}],"curies":[{"name":"wp","href":"https:\/\/api.w.org\/{rel}","templated":true}]}}