{"id":707,"date":"2018-04-04T15:12:13","date_gmt":"2018-04-04T14:12:13","guid":{"rendered":"http:\/\/koha.se\/?page_id=707"},"modified":"2024-09-09T12:31:22","modified_gmt":"2024-09-09T10:31:22","slug":"svenska-kohanatverkets-tredje-anvandarmote-i-goteborg-27-28-mars-2017","status":"publish","type":"page","link":"https:\/\/koha.se\/en\/moten\/svenska-kohanatverkets-tredje-anvandarmote-i-goteborg-27-28-mars-2017\/","title":{"rendered":"Svenska Kohan\u00e4tverkets tredje anv\u00e4ndarm\u00f6te i G\u00f6teborg 27-28 mars 2017"},"content":{"rendered":"<p><em>Programmet den 27 mars<\/em><\/p>\n<p><strong>V\u00e4lkomnande och presentationsrunda deltagare<\/strong><\/p>\n<p>Jessica Andersson fr\u00e5n styrgruppen h\u00e4lsar deltagarna v\u00e4lkomna.<\/p>\n<p>Samtliga deltagare presenterar sig med namn och hemvist.<\/p>\n<p><strong>G\u00f6teborgs UB presenterar sitt Koha-arbete<\/strong><\/p>\n<p>Rebecka Gustafsson, Emma Gustafsson (produkt\u00e4gare Koha p\u00e5 GUB), Cecilia Alfredsson.<\/p>\n<p>Koha p\u00e5 GUB \u00e4r en del av NYS projektet som betyder Nya System. Projektet handlar om en \u00f6versyn av hela systemparken och se vad som ska bytas ut eller f\u00f6r\u00e4ndras. Har gjort en processkartl\u00e4ggning av bibliotekets huvudprocesser. Tanken \u00e4r att f\u00e5 kontroll p\u00e5 processerna innan nya system utvecklas.<\/p>\n<p>Testgruppen har utifr\u00e5n processkartl\u00e4ggningen tagit fram testprotokoll och testat processerna gentemot Koha. Resultatet \u00e4r att p\u00e5 vissa omr\u00e5den kommer GUB att g\u00f6ra egen utveckling. Fundering \u00e4r ifall automatiska oml\u00e5n i Koha kan anv\u00e4ndas f\u00f6r att hantera l\u00e5ngl\u00e5n. N\u00e4r det g\u00e4ller Primo som OPAC s\u00e5 st\u00e4ller GUB stora krav p\u00e5 Primo att best\u00e5ndet lyfts fram p\u00e5 ett bra s\u00e4tt och att Koha och Primo \u00e4r v\u00e4lintegrerat. Mellan Primo och Koha kommer en funktion f\u00f6r best\u00e4llningar att kr\u00e4vas. GUB har ett eget regelverk kring best\u00e4llningar som inte Koha st\u00f6der out-of-the-box. D\u00e4rf\u00f6r bygger man egen best\u00e4llningsfunktionalitet. EDI funktionaliteten kring f\u00f6rv\u00e4rv som Koha st\u00f6der \u00e4r tyv\u00e4rr inte tillr\u00e4ckligt omfattande. D\u00e4rf\u00f6r s\u00e5 kommer GUB att anpassa den sj\u00e4lva.<\/p>\n<p>N\u00e4r det g\u00e4ller kataloghantering s\u00e5 \u00e4r Librisimporten viktig. Det finns en plugin utvecklad som ligger p\u00e5 Github. GUB g\u00f6r \u00e4ven en del patchar som man vill ska inf\u00f6ras i den officiella versionen av Koha.<\/p>\n<p>I Koha finns det tv\u00e5 olika katalogredigeringsfunktioner. GUB har b\u00f6rjat jobba med makron f\u00f6r att skapa katalogiseringsfunktioner som inte Koha st\u00f6der som standard. Detta \u00e4r en funktion \u00e4r inbyggd i Koha under avancerad redigering.<\/p>\n<p>GUB kommer att anv\u00e4nda Kohas OPAC som ett bibliotekskonto f\u00f6r l\u00e5ntagaren genom att skala bort de funktioner som inte beh\u00f6vs och branda den mot GUB.<\/p>\n<p>Fr\u00e5gan om integrationen mellan Koha och en Discoverytj\u00e4nst som Primo eller EDS diskuteras. GUB vill att s\u00f6kningen i Primo ska ge bra och relevanta tr\u00e4ffar \u00e4ven av Kohamaterial.<\/p>\n<p>Se hela presentationen h\u00e4r:\u00a0<a href=\"http:\/\/koha.se\/wp-content\/uploads\/2018\/04\/2017-G\u00f6teborg-Koha-n\u00e4tverksm\u00f6te-170327_28.pdf\">http:\/\/koha.se\/wp-content\/uploads\/2018\/04\/2017-G\u00f6teborg-Koha-n\u00e4tverksm\u00f6te-170327_28.pdf<\/a><\/p>\n<p><strong>H\u00f6gskolan Kristianstad (HKR)<\/strong><\/p>\n<p>Hans P\u00e5lsson och Kerstin Herrstr\u00f6m<\/p>\n<p>H\u00f6gskolan har beslutat att g\u00e5 \u00f6ver till Koha under 2018. Cirka 13 000 studenter med ett bibliotek, sju anst\u00e4llda p\u00e5 biblioteket. Idag anv\u00e4nder de BookIT fr\u00e5n Axiell. Som discoverysystem anv\u00e4nder man Summon sedan fem \u00e5r tillbaka.<\/p>\n<p>Koha v\u00e4ljer man till stor del p\u00e5 grund av \u00f6ppenhet och m\u00f6jlighet till egen utveckling. HKR delar BookIT med Kristianstads kommunbibliotek. Detta g\u00f6r \u00e4ven till att inf\u00f6rande av Koha skulle inneb\u00e4ra friare m\u00f6jligheter f\u00f6r HKR. HKR har sett att andra bibliotek kan och t\u00e4nker att d\u00e5 borde \u00e4ven de kunna.<\/p>\n<p>Idag har man tagit fram en f\u00f6rstudie som man lagt fram i organisationen och d\u00e4refter tagit beslut p\u00e5 att v\u00e4lja Koha. Det finns en testinstallation p\u00e5 en lokal server. Det \u00e4r en trygghet att ha en lokal testinstallation. De har \u00e4nnu inte gjort en fullimport fr\u00e5n sin egen katalog men det \u00e4r p\u00e5 G. Den lokala IT avdelningen \u00e4r med p\u00e5 noterna och behj\u00e4lpliga.<\/p>\n<p>Med hj\u00e4lp av Koha s\u00e5 vill HKR f\u00e5 en b\u00e4ttre funktionalitet med Summon. 20\u00a0000 poster i BookIT har fel LIBRISID och detta kommer medf\u00f6ra en del registerv\u00e5rd i och med bytet till Koha. HKR planerar anv\u00e4nda Libris som lokal OPAC.<\/p>\n<p>Utmaningar idag \u00e4r att fj\u00e4rrl\u00e5nemodulen saknas i Koha. Det har startats ett arbete kring utveckling av fj\u00e4rrl\u00e5nemodul till Koha. HKR ska driva inf\u00f6randet av Koha med befintliga resurser och s\u00e4tter d\u00e4rf\u00f6r en l\u00e4ngre tid f\u00f6r att n\u00e5 m\u00e5let.<\/p>\n<p>E-post, r\u00e4kningar, SPAR och utskrifter \u00e4r n\u00e5gra utvecklingsomr\u00e5den som man t\u00e4nker l\u00f6sa med hj\u00e4lp av samarbete. HKR \u00f6verv\u00e4ger att \u00e4ndra en hel del rutiner i samband med inf\u00f6randet av Koha.<\/p>\n<p>Se hela presentationen h\u00e4r:\u00a0<a href=\"http:\/\/koha.se\/wp-content\/uploads\/2018\/04\/2017-G\u00f6teborg-Koha-GTB-170327.pdf\">http:\/\/koha.se\/wp-content\/uploads\/2018\/04\/2017-G\u00f6teborg-Koha-GTB-170327.pdf<\/a><\/p>\n<p><strong>Svensk fj\u00e4rrl\u00e5nemodul till Koha med diskussion<\/strong><\/p>\n<p>Jessica Andersson, Anette Christensen och Hans P\u00e5lsson<\/p>\n<p>Vad \u00e4r redan gjort vad g\u00e4ller fj\u00e4rrl\u00e5n. I BookIT fanns en v\u00e4ldigt v\u00e4lfungerande ILL-modul. Gruppen som nu arbetar med en fj\u00e4rrl\u00e5nemodul tar in tankar och id\u00e9er fr\u00e5n olika h\u00e5ll f\u00f6r att skapa en bra modul till Koha.<\/p>\n<p>Idag anv\u00e4nder Alings\u00e5s ink\u00f6psf\u00f6rslag som en work-around f\u00f6r att hantera fj\u00e4rrl\u00e5n.<\/p>\n<p>Det finns dock begr\u00e4nsningar med detta uppl\u00e4gg. Ex. saknas ett enkelt s\u00e4tt att spara information om \u00e5terl\u00e4mningsdatum och \u00f6vrig information om fj\u00e4rrl\u00e5net.<\/p>\n<p>Fr\u00e5gan om fj\u00e4rrl\u00e5nemodul togs upp redan p\u00e5 f\u00f6rsta n\u00e4tverkstr\u00e4ffen.<\/p>\n<p>Gruppen har anlitat Magnus Enger f\u00f6r uppdraget. Finansiellt st\u00f6d fr\u00e5n Kultur i V\u00e4st samt n\u00e5gra av gruppmedlemmarna.<\/p>\n<p>Gruppen har b\u00f6rjat ta fram en kravspecifikation, med fl\u00f6desbeskrivning och kopplingar till andra system.<\/p>\n<p>Utveckling av modulen kommer att g\u00f6ras april \u2013 juli 2017 av Magnus Enger\/Libriotech. Det finns fr\u00e5gor kring behov ang\u00e5ende meddelandefunktioner och avgifter med mera och hur detta varierar mellan olika bibliotek och typer av bibliotek.<\/p>\n<p>Tanken \u00e4r att modulen ska byggas in i Koha och bli en modul att v\u00e4lja i personalgr\u00e4nssnittet.<\/p>\n<p>Se hela presentationen h\u00e4r: http:\/\/koha.se\/wp-content\/uploads\/2018\/04\/2017-G\u00f6teborg-Fj\u00e4rrl\u00e5n-presentation.pdf<\/p>\n<p><strong>Workshop &#8211; \u00f6vers\u00e4ttning i Koha (Viktor Sarge)<\/strong><\/p>\n<p>De flesta tycker att det \u00e4r bra att ha Koha p\u00e5 svenska. Eftersom \u00f6vers\u00e4ttningsservern inte klarar av att alla deltagare g\u00e5r in samtidigt s\u00e5 visar Sarge hur det fungerar s\u00e5 f\u00e5r deltagarna testa sedan i lugn och ro.<\/p>\n<p>\u00d6vers\u00e4ttningsarbetet koordineras i kanalen #u-\u00f6vers\u00e4ttning p\u00e5 <a href=\"http:\/\/koha.slack.com\">http:\/\/koha.slack.com<\/a><\/p>\n<p>Det finns \u00e4ven ett Googledokument <a href=\"https:\/\/docs.google.com\/document\/d\/1qlZQvPIe6DtAUeFnh_d1rIfxEdDv7YjZizyz21JD0oo\/edit?usp=sharing\">https:\/\/docs.google.com\/document\/d\/1qlZQvPIe6DtAUeFnh_d1rIfxEdDv7YjZizyz21JD0oo\/edit?usp=sharing<\/a> d\u00e4r det g\u00e5r att diskutera \u00f6vers\u00e4ttningstermer.<\/p>\n<p>Det finns ett \u00f6vers\u00e4ttningsprojekt per Kohaversion (tv\u00e5 stycken rullas ut varje \u00e5r).<\/p>\n<p>N\u00e4r det kommer nya versioner s\u00e5 kommer det ocks\u00e5 nya texter att \u00f6vers\u00e4tta.<\/p>\n<p>Timing: Fokusera \u00f6vers\u00e4ttningen p\u00e5 string-freeze veckan d\u00e5 utvecklarna inte kan \u00e4ndra p\u00e5 texter.<\/p>\n<p>Tips:<\/p>\n<ul>\n<li>Hoppa \u00f6ver det du inte f\u00f6rst\u00e5r. Det g\u00e5r att f\u00f6rst\u00f6ra delar av Koha ifall \u00f6vers\u00e4ttningen blir felaktig.<\/li>\n<li>Beh\u00e5ll formateringen <strong>exakt<\/strong>. Ex. r\u00f6r inte p\u00e5 %s<\/li>\n<li>Flaggst\u00e5ngstoppsputsarl\u00e4rlingsbrev \u00e4r ett exempel p\u00e5 att svenska ord kan bli f\u00f6r l\u00e5nga f\u00f6r Koha.<\/li>\n<li>\u201dneeds work\u201d kan vara bra att kryssa i s\u00e5 att andra kan granska innan det godk\u00e4nns.<\/li>\n<li>\u201dSubmit\u201d \/ \u201dSuggest\u201d<\/li>\n<li>Det finns kortkommandon f\u00f6r att snabba upp \u00f6vers\u00e4ttningarna.<\/li>\n<li>\u201dCopy into translation\u201d<\/li>\n<li>Saknas knappar, det kan bero p\u00e5 f\u00f6r l\u00e5g beh\u00f6righet.<\/li>\n<\/ul>\n<p>Strul:<\/p>\n<ul>\n<li>Translation Manager \u2013 beh\u00f6righeter, trasiga filer, serverstrul. Kolla release team.<\/li>\n<li>Just nu \u00e4r det Ola Andersson och Viktor Sarge som har h\u00f6gre beh\u00f6righeter till svenska \u00f6vers\u00e4ttningar. Ex. kan godk\u00e4nna f\u00f6rslag.<\/li>\n<\/ul>\n<p>P\u00e5 koha.se finns startpunkten till \u00f6vers\u00e4ttning. G\u00e5 till <a href=\"http:\/\/koha.se\/wiki\/\u00d6vers\u00e4ttning\">http:\/\/koha.se\/wiki\/\u00d6vers\u00e4ttning<\/a><\/p>\n<p>P\u00e5 <a href=\"http:\/\/translate.koha-community.org\">http:\/\/translate.koha-community.org<\/a> s\u00e5 finns \u00f6vers\u00e4ttningsservern som Koha anv\u00e4nder sig av.<\/p>\n<p>Flera deltagare p\u00e5 m\u00f6tet anm\u00e4lde sig till att hj\u00e4lpa till med \u00f6vers\u00e4ttningar. Viktor bad dessa anm\u00e4la sig p\u00e5 <a href=\"http:\/\/koha.slack.com\">http:\/\/koha.slack.com<\/a> i \u00f6vers\u00e4ttningskanalen.<\/p>\n<p><strong>Vaggeryd ber\u00e4ttar om sin Koha<\/strong><\/p>\n<p>Mia Olausson<\/p>\n<p>Vaggeryd gick live i fredags den 24 mars.<\/p>\n<p>Fortfarande en del barnsjukdomar kring OPAC och Webb.<\/p>\n<p>Man v\u00e4ntar p\u00e5 plugin med mera. Bilderna tas fr\u00e5n Google Books.<\/p>\n<p><em>Programmet den 28 mars<\/em><\/p>\n<p><strong>Workshop &#8211; under huven p\u00e5 Koha, hur \u00e4r det uppbyggt tekniskt med moduler + programmering + processer\/jobb mm (Viktor Sarge)<\/strong><\/p>\n<p>Viktor Sarge presenterar via Skype, se presentationsbilderna.<\/p>\n<p><strong>Diskussionspunkter:<\/strong><\/p>\n<ul>\n<li><strong>Utvecklingsarbete hos Kohabibliotek i Sverige<\/strong><\/li>\n<li><strong>Hur hj\u00e4lps vi \u00e5t i n\u00e4tverket. <\/strong><\/li>\n<li><strong>Hur hanterar man ink\u00f6p och best\u00e4llningar\/uppdrag gemensamt i n\u00e4tverket? <\/strong><\/li>\n<li><strong>Hur delar vi med oss av dokumentation\/information om p\u00e5g\u00e5ende arbete i n\u00e4tverket?<\/strong><\/li>\n<\/ul>\n<p><strong>Grupp 1:<\/strong><\/p>\n<p><strong>Utvecklingsarbete<\/strong><\/p>\n<ul>\n<li>Fj\u00e4rrl\u00e5nemodulen \u00e4r viktigast att utveckla. Viktigt att f\u00e5 Libris fj\u00e4rrl\u00e5n att kommunicera med Koha men ocks\u00e5 fj\u00e4rrl\u00e5n med de nordiska l\u00e4nder, British Library och den tyska fj\u00e4rrl\u00e5netj\u00e4nsten Subito.<\/li>\n<li>Tidskriftshanteringen. Antagligen kommer tidskriftshanteringen blir b\u00e4ttre i n\u00e4sta version av Koha.<\/li>\n<li>Personnummerhanteringen. I Koha finns den norska SPAR-hanteringen (SPAR= Statens personadressregister) men inte den svenska motsvarigheten.<\/li>\n<li>Magasinsbest\u00e4llningar. Beh\u00f6vs utveckling av Kohas holding som \u00e4r f\u00f6r grund. Stockholms universitetsbibliotek beh\u00f6ver tre olika sorters k\u00f6\/best\u00e4llningar: vanliga best\u00e4llningar, magasinsbest\u00e4llningar och best\u00e4llningar direkt till forskare. Just nu har Stockholms universitetsbibliotek det egentillverkade systemet Viola som tar hand om just detta eftersom det inte g\u00e5r i Koha. Eventuellt beh\u00f6ver ocks\u00e5 funktionen med best\u00e4llningar i f\u00f6rv\u00e4g utvecklas, till exempel \u201dJag kommer fr\u00e5n semester 1\/6 och d\u00e5 vill jag kunna h\u00e4mta denna bok\u201d.<\/li>\n<li>Reservationer fr\u00e5n n\u00e4rmaste bibliotek. De \u00e5tta bibliotek i V\u00e4sterg\u00f6tland som ska g\u00e5 samman, Hjo, Karlsborg, Mariestad, Tidaholm, Tibro, Sk\u00f6vde, Gullsp\u00e5ng och T\u00f6reboda, kommer att ha flytande best\u00e5nd. De \u00f6nskar att Koha ska klara av att se till att reservationerna g\u00e5r till n\u00e4rmaste bibliotek.<\/li>\n<li>Tillg\u00e4nglighet. Eventuellt beh\u00f6ver Kohas tillg\u00e4nglighet vad g\u00e4ller personer med synvariation utvecklas. Fungerar talsyntes med Koha?<\/li>\n<\/ul>\n<p><strong>Hur hj\u00e4lps vi \u00e5t?<\/strong><br \/>\nVi kom fram till att forumet Slack och Wikin Koha.se r\u00e4cker f\u00f6r att vi ska n\u00e5 varandra och att vi ska vara flitiga med att anv\u00e4nda dessa tv\u00e5 och dela med oss. Man m\u00e5ste inte ge input f\u00f6r att f\u00e5 input.<\/p>\n<p><strong>Gemensamma upphandlingar<\/strong><br \/>\nVi hade inget exempel p\u00e5 bibliotek som g\u00e5tt samman f\u00f6r att upphandla en f\u00f6rb\u00e4ttring av Koha f\u00f6rutom utvecklingen av fj\u00e4rrl\u00e5nemodulen som \u00e4r p\u00e5 g\u00e5ng.<\/p>\n<p><strong>Grupp 2:<\/strong><\/p>\n<p><strong>Skickade aldrig in sina anteckningar.<\/strong><\/p>\n<p><strong>Grupp 3:<\/strong><\/p>\n<p>Utvecklingsarbete hos Kohabibliotek (sub)<\/p>\n<ul>\n<li>Nya avgiftstyper<\/li>\n<li>Betalningsl\u00f6sning dibs<\/li>\n<li>Best\u00e4llningsfunktion, viola kopplad till koha<\/li>\n<\/ul>\n<p>Hur hj\u00e4lps vi \u00e5t i n\u00e4tverket<\/p>\n<ul>\n<li>En kontaktperson f\u00f6r varje bibliotek som rapportera till Svenska kohan\u00e4tverket<\/li>\n<li>Har man en bra id\u00e9 l\u00e4gg upp p\u00e5 slack och fr\u00e5ga vilka fler som er intresserade<\/li>\n<\/ul>\n<p>Det h\u00e4r var nog en \u00f6nskad utveckling: Automatisk kontroll av personnummer via spar.<\/p>\n<p>En gemensam fr\u00e5gest\u00e4llning till kb om hur f\u00f6r\u00e4ndringar i dataskyddsf\u00f6rordningen p\u00e5verkar biblioteken.<\/p>\n<p><strong>Grupp 4:<\/strong><\/p>\n<p><strong>Mer \u00f6vergripande \u00f6verblick av antal Kohabibliotek<\/strong><\/p>\n<p>Se vilka bibliotek som har Koha eller ska k\u00f6ra ig\u00e5ng, samt kontaktpersoner. Vore intressant att \u00e4ven se vilka funktioner varje bibliotek anv\u00e4nder, vilka f\u00f6retag som hostar och hur l\u00e5ngt respektive bibliotek har kommit med Koha.<\/p>\n<p><strong>Delning av material<\/strong><\/p>\n<p>Kan vi anv\u00e4nda wiki f\u00f6r att dela manualer med varandra. \u00c4ven enkelt gjorda manualer? Borde finnas en viss struktur p\u00e5 wikin i s\u00e5 fall f\u00f6r hur man kan hitta allt.<\/p>\n<p>Dela p\u00e5 admin och \u00f6vrig personal g\u00e4llande manualer<\/p>\n<p><strong>Konsultf\u00f6retag <\/strong><\/p>\n<p>Kartl\u00e4ggning f\u00f6r vilka konsultf\u00f6retag som finns f\u00f6r att k\u00f6ra Koha. Installation, drift och underh\u00e5ll, uppdateringar samt specialjobb.<\/p>\n<p><strong>F\u00f6rslag p\u00e5 utveckling<\/strong><\/p>\n<p>Vill ha ett samtal med \u00f6vriga bibliotek p\u00e5 n\u00e5got s\u00e4tt<\/p>\n<p>Vill ha en formalisering av var utvecklingsf\u00f6rslag finns och hur vi kan g\u00e5 tillv\u00e4ga<\/p>\n<p>G\u00e5r det att utveckla wikisidan f\u00f6r att synligg\u00f6ra och samordna alla f\u00f6rslag p\u00e5 utveckling<\/p>\n<p>Viktigt med kontaktperson f\u00f6r respektive projekt\/utveckling som kan samordna vilka bibliotek som vill vara med.<\/p>\n<p>G\u00e5r det att prenumerera p\u00e5 sidan f\u00f6r att inte missa n\u00e5got?<\/p>\n<p>Tydliga deadlines f\u00f6r hur l\u00e5ng tid alla bibliotek har p\u00e5 sig att s\u00e4ga till om att man vill vara med i utvecklingen.<\/p>\n<p>Viktigt att alla k\u00e4nner till var informationen finns s\u00e5 ingen missas!<\/p>\n<p>M\u00e5ste st\u00e4mma av den med den internationella sidan ocks\u00e5<\/p>\n<p><strong>Grupp 5:<\/strong><\/p>\n<p>En kort summering av Grupp 5:s diskussion.<\/p>\n<p>Utvecklingsfr\u00e5gor:<\/p>\n<ul>\n<li>Fj\u00e4rrl\u00e5n som ju \u00e4r p\u00e5 g<\/li>\n<li>Meddelanden av olika slag, samt pappersutskick<\/li>\n<li>Kravhantering\/Fakturering<\/li>\n<li>Till viss del reservationshantering. GU uttryckte oro f\u00f6r att de har s\u00e5 m\u00e5nga olika b\u00e5de l\u00e5ntagarkategorier och materialtyper som de inte l\u00f6st \u00e4nnu. \u00c4ven behov av best\u00e5ndsbest\u00e4llningar (tidskrifter).<\/li>\n<\/ul>\n<p>Slack \u00e4r ett l\u00e4tt s\u00e4tt att snabbt sl\u00e4nga ut en fr\u00e5ga. Bra om vi d\u00e4r kan t ex informera varandra om vi h\u00e5ller p\u00e5 med n\u00e5got speciellt arbete, s\u00e5 vi inte uppfinner hjulet flera g\u00e5nger.<\/p>\n<p>Kanske en kontaktperson fr\u00e5n varje \u201daktivt\u201d Koha-bibliotek kan bevaka Slack.<\/p>\n<p>P\u00e5minna om att mycket v\u00e4rdefull info ligger p\u00e5 Wikin.<\/p>\n<p><strong>Presentera styrgruppens arbete under 2016-2017 <\/strong><\/p>\n<p><strong>samt fastst\u00e4lla styrgrupp under 2017-2018<\/strong><\/p>\n<p><strong>Hitta v\u00e4rdkandidat till h\u00f6sttr\u00e4ff 2017.<\/strong><\/p>\n<p>Styrgruppen presenterar sitt arbete.<\/p>\n<p>Den sittande styrgruppen f\u00e5r f\u00f6rnyat f\u00f6rtroende av m\u00f6tet f\u00f6r perioden 2017-2018 och ev. ytterligare intressenter anm\u00e4ler sig till n\u00e5gon i styrgruppen under veckan.<\/p>\n<p>V\u00e4rd f\u00f6r h\u00f6stm\u00f6tet 2017 blir H\u00f6gskolan i Kristianstad.<\/p>\n<p>Se hela presentationen h\u00e4r:\u00a0<a href=\"http:\/\/koha.se\/wp-content\/uploads\/2018\/04\/2017-G\u00f6teborg-Styrgruppens-arbete-2016-2017.pdf\">http:\/\/koha.se\/wp-content\/uploads\/2018\/04\/2017-G\u00f6teborg-Styrgruppens-arbete-2016-2017.pdf<\/a><strong><br \/>\n<\/strong><br \/>\n<strong>Avslutande diskussion och sammanfattning av dagen.<\/strong><\/p>\n<p>Jessica Andersson ber\u00e4ttar om \u00f6ppenk\u00e4llkod mjukvaran Libki som reservationssystem.<\/p>\n<p><strong>Skaraborg ber\u00e4ttar om sitt Kohaprojekt<\/strong><\/p>\n<p>8 kommuner l\u00e4ngst upp i V\u00e4sterg\u00f6tland som g\u00e5r \u00f6ver till Koha<\/p>\n<p>I november s\u00e5 togs beslutet att g\u00e5 \u00f6ver till Koha och skapa en gemensam katalog<\/p>\n<p>Det har bildats olika grupper f\u00f6r att reda ut gemensamma regler och former f\u00f6r samarbetet.<\/p>\n<p>Magnus Enger i Norge har hj\u00e4lpt till. Man har kollat p\u00e5 olika f\u00f6retag och personer som kan bidra och till n\u00e4sta m\u00e5nad blir det en upphandling. Officiellt s\u00e5 ska de g\u00e5 live i januari 2018 och p\u00e5b\u00f6rja migreringen en filial i taget till h\u00f6sten. En till rapport kommer till h\u00f6sttr\u00e4ffen.<\/p>\n","protected":false},"excerpt":{"rendered":"<p>Programmet den 27 mars V\u00e4lkomnande och presentationsrunda deltagare Jessica Andersson fr\u00e5n styrgruppen h\u00e4lsar deltagarna v\u00e4lkomna. Samtliga deltagare presenterar sig med namn och hemvist. G\u00f6teborgs UB presenterar sitt Koha-arbete Rebecka Gustafsson, Emma Gustafsson (produkt\u00e4gare Koha p\u00e5 GUB), Cecilia Alfredsson. Koha p\u00e5 GUB \u00e4r en del av NYS projektet som betyder Nya System. Projektet handlar om en &hellip; <a href=\"https:\/\/koha.se\/en\/moten\/svenska-kohanatverkets-tredje-anvandarmote-i-goteborg-27-28-mars-2017\/\" class=\"more-link\">Continue reading <span class=\"screen-reader-text\">Svenska Kohan\u00e4tverkets tredje anv\u00e4ndarm\u00f6te i G\u00f6teborg 27-28 mars 2017<\/span><\/a><\/p>\n","protected":false},"author":1,"featured_media":706,"parent":138,"menu_order":0,"comment_status":"closed","ping_status":"closed","template":"","meta":{"footnotes":""},"class_list":["post-707","page","type-page","status-publish","has-post-thumbnail","hentry"],"_links":{"self":[{"href":"https:\/\/koha.se\/en\/wp-json\/wp\/v2\/pages\/707","targetHints":{"allow":["GET"]}}],"collection":[{"href":"https:\/\/koha.se\/en\/wp-json\/wp\/v2\/pages"}],"about":[{"href":"https:\/\/koha.se\/en\/wp-json\/wp\/v2\/types\/page"}],"author":[{"embeddable":true,"href":"https:\/\/koha.se\/en\/wp-json\/wp\/v2\/users\/1"}],"replies":[{"embeddable":true,"href":"https:\/\/koha.se\/en\/wp-json\/wp\/v2\/comments?post=707"}],"version-history":[{"count":4,"href":"https:\/\/koha.se\/en\/wp-json\/wp\/v2\/pages\/707\/revisions"}],"predecessor-version":[{"id":14852,"href":"https:\/\/koha.se\/en\/wp-json\/wp\/v2\/pages\/707\/revisions\/14852"}],"up":[{"embeddable":true,"href":"https:\/\/koha.se\/en\/wp-json\/wp\/v2\/pages\/138"}],"wp:featuredmedia":[{"embeddable":true,"href":"https:\/\/koha.se\/en\/wp-json\/wp\/v2\/media\/706"}],"wp:attachment":[{"href":"https:\/\/koha.se\/en\/wp-json\/wp\/v2\/media?parent=707"}],"curies":[{"name":"wp","href":"https:\/\/api.w.org\/{rel}","templated":true}]}}