{"id":79,"date":"2016-05-10T16:58:45","date_gmt":"2016-05-10T14:58:45","guid":{"rendered":"http:\/\/koha.se\/?page_id=79"},"modified":"2026-02-26T12:32:49","modified_gmt":"2026-02-26T10:32:49","slug":"koha-bibliotek-i-sverige","status":"publish","type":"page","link":"https:\/\/koha.se\/en\/koha-bibliotek-i-sverige\/","title":{"rendered":"Koha Libraries in Sweden"},"content":{"rendered":"<p><iframe loading=\"lazy\" src=\"https:\/\/www.google.com\/maps\/d\/embed?mid=1U1SF6rzKM-08lI6YUZdfmgtpdB0\" width=\"640\" height=\"680\"><\/iframe><\/p>\n<table>\n<tbody>\n<tr>\n<th>Library<\/th>\n<th>Go Live<\/th>\n<th>Migrerated from<\/th>\n<\/tr>\n<tr>\n<td>ABF G\u00f6teborg<\/td>\n<td><\/td>\n<td>Microsoft Works<\/td>\n<\/tr>\n<tr>\n<td>Akademi f\u00f6r Ledarskap och Teologi \/ \u00d6rebro teologiska h\u00f6gskola<\/td>\n<td>2022-08-16<\/td>\n<td>Mikromarc<\/td>\n<\/tr>\n<tr>\n<td>Alings\u00e5s stadsbibliotek<\/td>\n<td>2016-06-01<\/td>\n<td>BOOK-IT<\/td>\n<\/tr>\n<tr>\n<td>Arbetarr\u00f6relsens arkiv och bibliotek<\/td>\n<td>2024-11-11<\/td>\n<td><\/td>\n<\/tr>\n<tr>\n<td>Arboga (Bibliotek V\u00e4stmanland)<\/td>\n<td>2019-10-24<\/td>\n<td>BOOK-IT<\/td>\n<\/tr>\n<tr>\n<td>ArkDes (Arkitektur- och Designcentrum)<\/td>\n<td>2016-10-17<\/td>\n<td>Libra<\/td>\n<\/tr>\n<tr>\n<td>Biblioteken i Norrbotten (Ing\u00e5ende kommuner \u00e4r Arjeplog, Arvidjaur, Boden, G\u00e4llivare, Haparanda, Jokkmokk, Kalix, Kiruna, Lule\u00e5, Pajala, Pite\u00e5, \u00c4lvsbyn, \u00d6verkalix samt \u00d6vertorne\u00e5)<\/td>\n<td>2021-12-08<\/td>\n<td>Mikromarc<\/td>\n<\/tr>\n<tr>\n<td>Biblioteken p\u00e5 Gotland (Ing\u00e5ende Almedalsbiblioteket (Folkbiblioteket) , Burgsviks bibliotek, F\u00e5r\u00f6sunds bibliotek, Gotland museibibliotek, Gr\u00e5bobiblioteket (Gr\u00e5bo Visby), Hemse bibliotek, Klintehamns bibliotek, Korpens bibliotek (vid v\u00e5rdcentralen Visby), Roma bibliotek, Slite bibliotek, Visby medicinska fackbibliotek, \u00d6stergarns bibliotek)<\/td>\n<td>2021-06<\/td>\n<td>BookIt\/Cicero<\/td>\n<\/tr>\n<tr>\n<td>Biblioteket H\u00f6gskolan V\u00e4st<\/td>\n<td>2023-01<\/td>\n<td>Sierra<\/td>\n<\/tr>\n<tr>\n<td>Blekinge Tekniska H\u00f6gskola<\/td>\n<td>2018-09-17<\/td>\n<td>BOOK-IT<\/td>\n<\/tr>\n<tr>\n<td>Borl\u00e4nge kommuns skolbibliotek<\/td>\n<td>2025<\/td>\n<td><\/td>\n<\/tr>\n<tr>\n<td>Brageskolan<\/td>\n<td>2019<\/td>\n<td><\/td>\n<\/tr>\n<tr>\n<td>Domstolsverket i J\u00f6nk\u00f6ping<\/td>\n<td>2025<\/td>\n<td><\/td>\n<\/tr>\n<tr>\n<td>Edsbergsskolan<\/td>\n<td>2019<\/td>\n<td>Inget<\/td>\n<\/tr>\n<tr>\n<td>Eksj\u00f6 bibliotek<\/td>\n<td>2020<\/td>\n<td><\/td>\n<\/tr>\n<tr>\n<td>Enskilda H\u00f6gskolan Stockholm<\/td>\n<td>2019-12-01<\/td>\n<td>Mikromarc<\/td>\n<\/tr>\n<tr>\n<td>Fagersta (Bibliotek V\u00e4stmanland)<\/td>\n<td>2019-09-12<\/td>\n<td>BOOK-IT<\/td>\n<\/tr>\n<tr>\n<td>Falkenbergs bibliotek<\/td>\n<td>2025<\/td>\n<td>BOOK-IT<\/td>\n<\/tr>\n<tr>\n<td>Falu kommuns skolbibliotek<\/td>\n<td>2025<\/td>\n<td><\/td>\n<\/tr>\n<tr>\n<td>Forum f\u00f6r levande historias referensbibliotek<\/td>\n<td>2024<\/td>\n<td>Micromarc<\/td>\n<\/tr>\n<tr>\n<td>Gillbo-Gr\u00f6ndalsskolan<\/td>\n<td>2019<\/td>\n<td>Inget<\/td>\n<\/tr>\n<tr>\n<td>Gullsp\u00e5ng (Bibliotek Mellansj\u00f6)<\/td>\n<td>2018-01-25<\/td>\n<td>Libra<\/td>\n<\/tr>\n<tr>\n<td>Gymnastik- och idrottsh\u00f6gskolan, GIH-biblioteket<\/td>\n<td>2023-05<\/td>\n<td>MikroMarc<\/td>\n<\/tr>\n<tr>\n<td>G\u00f6teborgs universitetsbibliotek<\/td>\n<td>2018-04-04<\/td>\n<td>Virtua<\/td>\n<\/tr>\n<tr>\n<td>Habo bibliotek<\/td>\n<td>2024<\/td>\n<td><\/td>\n<\/tr>\n<tr>\n<td>Hallands sjukhus i Varberg och Halmstad<\/td>\n<td>2020-08<\/td>\n<td>Micromarc<\/td>\n<\/tr>\n<tr>\n<td>Hallstahammar (Bibliotek V\u00e4stmanland)<\/td>\n<td>2019-05-23<\/td>\n<td>BOOK-IT<\/td>\n<\/tr>\n<tr>\n<td>Helenelundskolans bibliotek<\/td>\n<td>2018-08-20<\/td>\n<td>Welib<\/td>\n<\/tr>\n<tr>\n<td>Hjo (Bibliotek Mellansj\u00f6)<\/td>\n<td>2017-10-06<\/td>\n<td>Libra<\/td>\n<\/tr>\n<tr>\n<td>Hovr\u00e4tten f\u00f6r V\u00e4stra Sverige<\/td>\n<td>2026<\/td>\n<td>Micromarc<\/td>\n<\/tr>\n<tr>\n<td>Hylte bibliotek<\/td>\n<td>2013-09<\/td>\n<td>BOOK-IT<\/td>\n<\/tr>\n<tr>\n<td>H\u00e4ggviksskolan<\/td>\n<td>2019<\/td>\n<td>Inget<\/td>\n<\/tr>\n<tr>\n<td>H\u00f6gskolan Dalarna<\/td>\n<td>2019<\/td>\n<td>Sierra<\/td>\n<\/tr>\n<tr>\n<td>H\u00f6gskolan i G\u00e4vle<\/td>\n<td>2018-06-15<\/td>\n<td>Libra<\/td>\n<\/tr>\n<tr>\n<td>H\u00f6gskolan i Sk\u00f6vde<\/td>\n<td>2021-11-03<\/td>\n<td>Mikromarc<\/td>\n<\/tr>\n<tr>\n<td>H\u00f6gskolan Kristianstad<\/td>\n<td>2019-07-01<\/td>\n<td>BOOK-IT<\/td>\n<\/tr>\n<tr>\n<td>H\u00f6gsta f\u00f6rvaltningsdomstolens bibliotek<\/td>\n<td>2025<\/td>\n<td><\/td>\n<\/tr>\n<tr>\n<td>Internationella Engelska Skolan<\/td>\n<td>2013<\/td>\n<td><\/td>\n<\/tr>\n<tr>\n<td>Kammarr\u00e4tten i J\u00f6nk\u00f6ping &amp; G\u00f6ta hovr\u00e4tt<\/td>\n<td>2025-09<\/td>\n<td><\/td>\n<\/tr>\n<tr>\n<td>Karlsborg (Bibliotek Mellansj\u00f6)<\/td>\n<td>2017-12-07<\/td>\n<td>Libra<\/td>\n<\/tr>\n<tr>\n<td>Karlsborg lasarettsbibliotek<\/td>\n<td>2020<\/td>\n<td>Mikromarc<\/td>\n<\/tr>\n<tr>\n<td>Karlstads universitetsbibliotek<\/td>\n<td>2020-11<\/td>\n<td>Sierra<\/td>\n<\/tr>\n<tr>\n<td>Konstbiblioteket vid Moderna museet och Nationalmuseum<\/td>\n<td>2026<\/td>\n<td>Mikromarc<\/td>\n<\/tr>\n<tr>\n<td>Kristianstads regionmuseum referensbibliotek<\/td>\n<td><\/td>\n<td><\/td>\n<\/tr>\n<tr>\n<td>Kungs\u00f6r (Bibliotek V\u00e4stmanland)<\/td>\n<td>2019-10-10<\/td>\n<td>BOOK-IT<\/td>\n<\/tr>\n<tr>\n<td>K\u00e4rrdalsskolan<\/td>\n<td>2019<\/td>\n<td>Welib<\/td>\n<\/tr>\n<tr>\n<td>K\u00f6ping (Bibliotek V\u00e4stmanland)<\/td>\n<td>2019-09-26<\/td>\n<td>BOOK-IT<\/td>\n<\/tr>\n<tr>\n<td>Lerums bibliotek<\/td>\n<td>2023<\/td>\n<td>BOOK-IT<\/td>\n<\/tr>\n<tr>\n<td>Lindesbergs Medicinska Bibliotek<\/td>\n<td>2020<\/td>\n<td>Mikromarc<\/td>\n<\/tr>\n<tr>\n<td>Lule\u00e5 universitetsbibliotek<\/td>\n<td>2016-01-07<\/td>\n<td>Aleph 21<\/td>\n<\/tr>\n<tr>\n<td>Lunds Montessorigrundskolas bibliotek<\/td>\n<td><\/td>\n<td><\/td>\n<\/tr>\n<tr>\n<td>Lunds universitetsbibliotek<\/td>\n<td>2018-06<\/td>\n<td>Virtua<\/td>\n<\/tr>\n<tr>\n<td>Mannheimer Swartling Advokatbyr\u00e5 AB<\/td>\n<td>2016-09-23<\/td>\n<td>Libra<\/td>\n<\/tr>\n<tr>\n<td>Mariestad (Bibliotek Mellansj\u00f6)<\/td>\n<td>2018-01-25<\/td>\n<td>Libra<\/td>\n<\/tr>\n<tr>\n<td>Medicinska biblioteken p\u00e5 Sahlgrenska Universitetssjukhuset<\/td>\n<td>2023-11-15<\/td>\n<td>Mikromarc<\/td>\n<\/tr>\n<tr>\n<td>Medicinska biblioteket Region \u00d6sterg\u00f6tland<\/td>\n<td>2024-08<\/td>\n<td>Mikromarc<\/td>\n<\/tr>\n<tr>\n<td>Mittuniversitetets bibliotek<\/td>\n<td>2019-07-29<\/td>\n<td>Aleph 21<\/td>\n<\/tr>\n<tr>\n<td>Mullsj\u00f6 bibliotek<\/td>\n<td>2025<\/td>\n<td>Mikromarc<\/td>\n<\/tr>\n<tr>\n<td>Munkag\u00e5rdsgymnasiets bibliotek<\/td>\n<td><\/td>\n<td><\/td>\n<\/tr>\n<tr>\n<td>Musik- och teaterbiblioteket<\/td>\n<td>2019-09-16<\/td>\n<td>Sierra<\/td>\n<\/tr>\n<tr>\n<td>M\u00e5ngkulturellt centrum<\/td>\n<td>2025-01<\/td>\n<td>Micromarc<\/td>\n<\/tr>\n<tr>\n<td>Norberg (Bibliotek V\u00e4stmanland)<\/td>\n<td>2019-05-28<\/td>\n<td>BOOK-IT<\/td>\n<\/tr>\n<tr>\n<td>Nordiskt genresurscenter i Alnarp<\/td>\n<td>2022-01<\/td>\n<td><\/td>\n<\/tr>\n<tr>\n<td>Partille bibliotek<\/td>\n<td>2022<\/td>\n<td>BOOK-IT\/Freelib<\/td>\n<\/tr>\n<tr>\n<td>Patent- och registreringsverket<\/td>\n<td>2018-01-01<\/td>\n<td>Libra<\/td>\n<\/tr>\n<tr>\n<td>Region J\u00e4mtland H\u00e4rjedalens Medicinska bibliotek<\/td>\n<td>2020-01-01<\/td>\n<td>Book-IT<\/td>\n<\/tr>\n<tr>\n<td>Runbackaskolan<\/td>\n<td>2019<\/td>\n<td>Welib<\/td>\n<\/tr>\n<tr>\n<td>Sala (Bibliotek V\u00e4stmanland)<\/td>\n<td>2019-04-25<\/td>\n<td>Libra<\/td>\n<\/tr>\n<tr>\n<td>Silverdalsskolan<\/td>\n<td>2019<\/td>\n<td>Inget<\/td>\n<\/tr>\n<tr>\n<td>SIPRI bibliotek<\/td>\n<td><\/td>\n<td><\/td>\n<\/tr>\n<tr>\n<td>Sjukhusbiblioteken i V\u00e4rmland (Karlstad, Arvika och Torsby)<\/td>\n<td>15 mars 2022<\/td>\n<td>Book-IT<\/td>\n<\/tr>\n<tr>\n<td>Sjukhusbiblioteken Region J\u00f6nk\u00f6pings l\u00e4n<\/td>\n<td>December 2021<\/td>\n<td>Mikromarc<\/td>\n<\/tr>\n<tr>\n<td>Sjukhusbiblioteket V\u00e4stmanland<\/td>\n<td>2020<\/td>\n<td>Mikromarc<\/td>\n<\/tr>\n<tr>\n<td>Skaraborgs sjukhus, medicinskt bibliotek<\/td>\n<td>2023-11<\/td>\n<td>Mikromarc<\/td>\n<\/tr>\n<tr>\n<td>Skatteverket<\/td>\n<td>2022-06<\/td>\n<td>Mikromarc<\/td>\n<\/tr>\n<tr>\n<td>Skinnskatteberg (Bibliotek V\u00e4stmanland)<\/td>\n<td>2019-06-25<\/td>\n<td>Mikromarc<\/td>\n<\/tr>\n<tr>\n<td>Sk\u00f6vde (Bibliotek Mellansj\u00f6)<\/td>\n<td>2018-01-12<\/td>\n<td>Libra<\/td>\n<\/tr>\n<tr>\n<td>Sofielundskolan<\/td>\n<td>2019<\/td>\n<td>Welib<\/td>\n<\/tr>\n<tr>\n<td>Sollentuna International School<\/td>\n<td>2019<\/td>\n<td>Inget<\/td>\n<\/tr>\n<tr>\n<td>Sollentuna musikklasser<\/td>\n<td>\u00a02019<\/td>\n<td>Inget<\/td>\n<\/tr>\n<tr>\n<td>Sophiahemmet H\u00f6gskola<\/td>\n<td>2024-08-15<\/td>\n<td>X-ref<\/td>\n<\/tr>\n<tr>\n<td>Stadsmuseet i Stockholm, biblioteket<\/td>\n<td>2025<\/td>\n<td><\/td>\n<\/tr>\n<tr>\n<td>Statens v\u00e4g- och transportforskningsinstitut (VTI)<\/td>\n<td>2018-04-01<\/td>\n<td>TRIP<\/td>\n<\/tr>\n<tr>\n<td>Stockholms konstn\u00e4rliga h\u00f6gskola<\/td>\n<td>2017-01-01<\/td>\n<td>Inget<\/td>\n<\/tr>\n<tr>\n<td>Stockholms universitetsbibliotek<\/td>\n<td>2016-07-01<\/td>\n<td>Voyager<\/td>\n<\/tr>\n<tr>\n<td>Surahammar (Bibliotek V\u00e4stmanland)<\/td>\n<td>2019-09-19<\/td>\n<td>BOOK-IT<\/td>\n<\/tr>\n<tr>\n<td>Svenska barnboksinstitutet<\/td>\n<td>Oktober 2020<\/td>\n<td>Aleph<\/td>\n<\/tr>\n<tr>\n<td>S\u00f6dert\u00f6rn h\u00f6gskola<\/td>\n<td>2020-06-11<\/td>\n<td><\/td>\n<\/tr>\n<tr>\n<td>S\u00f6dra V\u00e4tterbygdens folkh\u00f6gskola bibliotek<\/td>\n<td><\/td>\n<td><\/td>\n<\/tr>\n<tr>\n<td>Tegelhagskolan<\/td>\n<td>2019<\/td>\n<td>Welib<\/td>\n<\/tr>\n<tr>\n<td>Tidaholm (Bibliotek Mellansj\u00f6)<\/td>\n<td>2017-11-15<\/td>\n<td>Libra<\/td>\n<\/tr>\n<tr>\n<td>Tibro (Bibliotek Mellansj\u00f6)<\/td>\n<td>2018-02-22<\/td>\n<td>BOOK-IT<\/td>\n<\/tr>\n<tr>\n<td>Trafikverket<\/td>\n<td>2018-11<\/td>\n<td>Mikromarc<\/td>\n<\/tr>\n<tr>\n<td>T\u00f6reboda (Bibliotek Mellansj\u00f6)<\/td>\n<td>2018-01-25<\/td>\n<td>Libra<\/td>\n<\/tr>\n<tr>\n<td>Vaggeryds bibliotek<\/td>\n<td>2017-03-26<\/td>\n<td>Libra<\/td>\n<\/tr>\n<tr>\n<td>V\u00e4ster\u00e5s (Bibliotek V\u00e4stmanland)<\/td>\n<td>2019-11-18<\/td>\n<td>BOOK-IT<\/td>\n<\/tr>\n<tr>\n<td>Vaxmoraskolan<\/td>\n<td>\u00a02019<\/td>\n<td>Inget<\/td>\n<\/tr>\n<tr>\n<td>V\u00e4rldsbiblioteket (Soldidaritetshuset)<\/td>\n<td><\/td>\n<td><\/td>\n<\/tr>\n<tr>\n<td>World Maritime University biblioteket<\/td>\n<td>2010-04-01<\/td>\n<td>SydneyPlus<\/td>\n<\/tr>\n<\/tbody>\n<\/table>\n<p><\/p>","protected":false},"excerpt":{"rendered":"<p>Library Go Live Migrerated from ABF G\u00f6teborg Microsoft Works Akademi f\u00f6r Ledarskap och Teologi \/ \u00d6rebro teologiska h\u00f6gskola 2022-08-16 Mikromarc Alings\u00e5s stadsbibliotek 2016-06-01 BOOK-IT Arbetarr\u00f6relsens arkiv och bibliotek 2024-11-11 Arboga (Bibliotek V\u00e4stmanland) 2019-10-24 BOOK-IT ArkDes (Arkitektur- och Designcentrum) 2016-10-17 Libra Biblioteken i Norrbotten (Ing\u00e5ende kommuner \u00e4r Arjeplog, Arvidjaur, Boden, G\u00e4llivare, Haparanda, Jokkmokk, Kalix, Kiruna, Lule\u00e5, &hellip; <a href=\"https:\/\/koha.se\/en\/koha-bibliotek-i-sverige\/\" class=\"more-link\">Continue reading <span class=\"screen-reader-text\">Koha Libraries in Sweden<\/span><\/a><\/p>\n","protected":false},"author":2,"featured_media":0,"parent":0,"menu_order":0,"comment_status":"closed","ping_status":"closed","template":"","meta":{"footnotes":""},"class_list":["post-79","page","type-page","status-publish","hentry"],"_links":{"self":[{"href":"https:\/\/koha.se\/en\/wp-json\/wp\/v2\/pages\/79","targetHints":{"allow":["GET"]}}],"collection":[{"href":"https:\/\/koha.se\/en\/wp-json\/wp\/v2\/pages"}],"about":[{"href":"https:\/\/koha.se\/en\/wp-json\/wp\/v2\/types\/page"}],"author":[{"embeddable":true,"href":"https:\/\/koha.se\/en\/wp-json\/wp\/v2\/users\/2"}],"replies":[{"embeddable":true,"href":"https:\/\/koha.se\/en\/wp-json\/wp\/v2\/comments?post=79"}],"version-history":[{"count":133,"href":"https:\/\/koha.se\/en\/wp-json\/wp\/v2\/pages\/79\/revisions"}],"predecessor-version":[{"id":15112,"href":"https:\/\/koha.se\/en\/wp-json\/wp\/v2\/pages\/79\/revisions\/15112"}],"wp:attachment":[{"href":"https:\/\/koha.se\/en\/wp-json\/wp\/v2\/media?parent=79"}],"curies":[{"name":"wp","href":"https:\/\/api.w.org\/{rel}","templated":true}]}}