{"id":9,"date":"2016-05-04T17:58:24","date_gmt":"2016-05-04T17:58:24","guid":{"rendered":"http:\/\/koha.se\/?page_id=9"},"modified":"2026-02-26T12:04:45","modified_gmt":"2026-02-26T10:04:45","slug":"medlemmar","status":"publish","type":"page","link":"https:\/\/koha.se\/en\/medlemmar\/","title":{"rendered":"Members"},"content":{"rendered":"<p><strong>Libraries<\/strong><br \/>\nAdvokatfirman Vinge<br \/>\nAkademi f\u00f6r Ledarskap och Teologi.<br \/>\nAlings\u00e5s bibliotek<br \/>\nArbetarr\u00f6relsens arkiv och bibliotek<br \/>\nArboga stadsbibliotek<br \/>\nArkitektur- och designcentrum (Arkdes)<br \/>\nBibliotek V\u00e4stra Skaraborg (constituent municipalities are Essunga, Gr\u00e4storp, G\u00f6tene, Lidk\u00f6ping, Skara and Vara)<br \/>\nBiblioteken i Norrbotten (constituent municipalities are Arjeplog, Arvidsjaur, Boden, G\u00e4llivare, Haparanda, Jokkmokk, Kalix, Kiruna, Lule\u00e5, Pajala, Pite\u00e5, \u00c4lvsbyn, \u00d6verkalix and \u00d6vertorne\u00e5)<br \/>\nBiblioteken i Sollefte\u00e5 kommun<br \/>\nBiblioteket i Sundbyberg<br \/>\nBiblioteket H\u00f6gskolan V\u00e4st<br \/>\nBiblioteksh\u00f6gskolan &#8211; H\u00f6gskolan i Bor\u00e5s<br \/>\nBlekinge tekniska h\u00f6gskola<br \/>\nBorl\u00e4nge kommuns skolor<br \/>\nChalmers tekniska h\u00f6gskola<br \/>\nEksj\u00f6 bibliotek<br \/>\nEnskilda H\u00f6gskolan Stockholms bibliotek<br \/>\nFagersta stadsbibliotek<br \/>\nFalkenbergs bibliotek (folk- och skolbibliotek)<br \/>\nFalu kommuns skolbibliotek<br \/>\nForum f\u00f6r levande historias referensbibliotek<br \/>\nF\u00f6reningsarkivet i Sydv\u00e4stra G\u00f6taland<br \/>\nG\u00f6teborgs universitetsbibliotek<br \/>\nHallands konstmuseum<br \/>\nHallstahammars bibliotek<br \/>\nHelenelundsskolan<br \/>\nHjo stadsbibliotek<br \/>\nHovr\u00e4tten f\u00f6r V\u00e4stra Sverige<br \/>\nHylte bibliotek<br \/>\nH\u00e4llefors skolbibliotek<br \/>\nH\u00e4lsobiblioteket i Region Kronoberg<br \/>\nH\u00f6gskolan Dalarna<br \/>\nH\u00f6gskolan i G\u00e4vle<br \/>\nH\u00f6gskolan i Sk\u00f6vde<br \/>\nH\u00f6gskolan Kristianstad<br \/>\nH\u00f6gskolan V\u00e4st<br \/>\nH\u00f6gsta f\u00f6rvaltningsdomstolens bibliotek<br \/>\nInternationella Engelska Skolan<br \/>\nJohannelunds teologiska h\u00f6gskola<br \/>\nKammarr\u00e4tten i J\u00f6nk\u00f6ping\/G\u00f6ta hovr\u00e4tt<br \/>\nKarlsborgs bibliotek<br \/>\nKarlskoga lasarett medicinska bibliotek<br \/>\nKarlstads universitetsbibliotek<br \/>\nKatrineholms bibliotek<br \/>\nKommunals bibliotek<br \/>\nKonstbiblioteket vid Moderna museet och Nationalmuseum<br \/>\nKonst- och kulturavdelningen Region Halland<br \/>\nKriminalv\u00e5rden<br \/>\nKultur i Halland &#8211; Regionbibliotek<br \/>\nKungliga biblioteket<br \/>\nKungs\u00f6r stadsbibliotek<br \/>\nK\u00f6ping stadsbibliotek<br \/>\nLerums bibliotek<br \/>\nLiding\u00f6 stadsbibliotek<br \/>\nLindesbergs lasarett medicinska bibliotek<br \/>\nLule\u00e5 universitetsbibliotek<br \/>\nLunds universitetsbibliotek<br \/>\nMalm\u00f6 h\u00f6gskola<br \/>\nMannheimer Swartling advokatbyr\u00e5s bibliotek<br \/>\nMariestads stadsbibliotek<br \/>\nMediaenheten, Sala kommun<br \/>\nMedicinska biblioteket Region \u00d6sterg\u00f6tland<br \/>\nMedicinska fackbiblioteket (Region Gotland)<br \/>\nMittuniversitetet<br \/>\nMusik och teaterbiblioteket<br \/>\nM\u00e5ngkulturellt centrum<br \/>\nNordenbergsskolans bibliotek<br \/>\nNorbergs bibliotek<br \/>\nN\u00e4sbydalskolan<br \/>\nPartille bibliotek<br \/>\nPatent- och registreringsverket (PRV)<br \/>\nRegion Halland<br \/>\nRegion J\u00e4mtland H\u00e4rjedalens Medicinska bibliotek<br \/>\nRegion V\u00e4stmanland<br \/>\nSala stadsbibliotek<br \/>\nSjukhusbiblioteken i Dalarna<br \/>\nSjukhusbiblioteken Region J\u00f6nk\u00f6pings l\u00e4n<br \/>\nSjukhusbiblioteken i Region Sk\u00e5ne<br \/>\nSjukhusbiblioteken i V\u00e4rmland<br \/>\nSkatteverket<br \/>\nSkellefte\u00e5 kulturskola<br \/>\nSkinnskattebergs bibliotek<br \/>\nSkolbiblioteken i V\u00e4ster\u00e5s stad<br \/>\nSkolbiblioteken i \u00d6cker\u00f6 kommun<br \/>\nSk\u00f6vde stadsbibliotek<br \/>\nSophiahemmet H\u00f6gskola<br \/>\nSollentuna kommuns skolbibliotek<br \/>\nSpecialpedagogiska Skolmyndigheten (SPSM)<br \/>\nStadsmuseet i Stockholm, biblioteket<br \/>\nStatens v\u00e4g- och transportforskningsinstitut (VTI)<br \/>\nStiftelsen Juridiska Biblioteket<br \/>\nStockholm stadsbibliotek<br \/>\nStockholms konstn\u00e4rliga h\u00f6gskola<br \/>\nStockholms universitetsbibliotek<br \/>\nSundbybergs bibliotek<br \/>\nSurahammar stadsbibliotek<br \/>\nSvenska Barnboksinstitutet<br \/>\nSvenska Institutet i Rom &#8211; Biblioteket<br \/>\nS\u00f6dert\u00f6rns h\u00f6gskolebibliotek<br \/>\nTibro bibliotek<br \/>\nTidaholms Stadsbibliotek<br \/>\nTrafikverkets bibliotek<br \/>\nUme\u00e5 universitetsbibliotek<br \/>\nUppsala universitetsbibliotek<br \/>\nV\u00e5rg\u00e5rda bibliotek<br \/>\nVaggeryds bibliotek<br \/>\nV\u00e4rldsbiblioteket (Solidaritetshuset)<br \/>\nV\u00e4ster\u00e5s stadsbibliotek<br \/>\nV\u00e4stra G\u00f6talandsregionen<br \/>\nWorld Maritime University<\/p>\n<p><strong>Individuals<\/strong><br \/>\nAndrey Yakovlev<br \/>\nAnne Appehl<br \/>\nAnnica Arvidsson<br \/>\nCenk Bisgen<br \/>\nDelphine Szymczak<br \/>\nFredrica Axelsson<br \/>\nHans Ljungberg<br \/>\nHenrik Sten<br \/>\nJan Johannesson<br \/>\nJohn Holmberg Runsten<br \/>\nKerstin Ferm<br \/>\nLasse Sellberg<br \/>\nLinda G\u00f6thberg<br \/>\nLisbeth H\u00e5kansson Petr\u00e9<br \/>\nMarie Franz\u00e9n<br \/>\nMikaela \u00d6sth<br \/>\nTobias Carlsson<br \/>\nVeronica Sarge Cech<br \/>\nViktor Sarge<br \/>\nYonas Habtemariam<\/p>","protected":false},"excerpt":{"rendered":"<p>Libraries Advokatfirman Vinge Akademi f\u00f6r Ledarskap och Teologi. Alings\u00e5s bibliotek Arbetarr\u00f6relsens arkiv och bibliotek Arboga stadsbibliotek Arkitektur- och designcentrum (Arkdes) Bibliotek V\u00e4stra Skaraborg (constituent municipalities are Essunga, Gr\u00e4storp, G\u00f6tene, Lidk\u00f6ping, Skara and Vara) Biblioteken i Norrbotten (constituent municipalities are Arjeplog, Arvidsjaur, Boden, G\u00e4llivare, Haparanda, Jokkmokk, Kalix, Kiruna, Lule\u00e5, Pajala, Pite\u00e5, \u00c4lvsbyn, \u00d6verkalix and \u00d6vertorne\u00e5) Biblioteken &hellip; <a href=\"https:\/\/koha.se\/en\/medlemmar\/\" class=\"more-link\">Continue reading <span class=\"screen-reader-text\">Members<\/span><\/a><\/p>\n","protected":false},"author":1,"featured_media":0,"parent":0,"menu_order":0,"comment_status":"closed","ping_status":"closed","template":"","meta":{"footnotes":""},"class_list":["post-9","page","type-page","status-publish","hentry"],"_links":{"self":[{"href":"https:\/\/koha.se\/en\/wp-json\/wp\/v2\/pages\/9","targetHints":{"allow":["GET"]}}],"collection":[{"href":"https:\/\/koha.se\/en\/wp-json\/wp\/v2\/pages"}],"about":[{"href":"https:\/\/koha.se\/en\/wp-json\/wp\/v2\/types\/page"}],"author":[{"embeddable":true,"href":"https:\/\/koha.se\/en\/wp-json\/wp\/v2\/users\/1"}],"replies":[{"embeddable":true,"href":"https:\/\/koha.se\/en\/wp-json\/wp\/v2\/comments?post=9"}],"version-history":[{"count":145,"href":"https:\/\/koha.se\/en\/wp-json\/wp\/v2\/pages\/9\/revisions"}],"predecessor-version":[{"id":15106,"href":"https:\/\/koha.se\/en\/wp-json\/wp\/v2\/pages\/9\/revisions\/15106"}],"wp:attachment":[{"href":"https:\/\/koha.se\/en\/wp-json\/wp\/v2\/media?parent=9"}],"curies":[{"name":"wp","href":"https:\/\/api.w.org\/{rel}","templated":true}]}}